{"id":20,"date":"2025-12-11T17:17:20","date_gmt":"2025-12-11T17:17:20","guid":{"rendered":"https:\/\/sleepy-maxwell.217-154-185-52.plesk.page\/?page_id=20"},"modified":"2025-12-11T20:35:17","modified_gmt":"2025-12-11T20:35:17","slug":"servicios","status":"publish","type":"page","link":"https:\/\/sleepy-maxwell.217-154-185-52.plesk.page\/index.php\/servicios\/","title":{"rendered":"Servicios"},"content":{"rendered":"<p>[et_pb_section fb_built=\u00bb1&#8243; _builder_version=\u00bb4.27.4&#8243; _module_preset=\u00bbdefault\u00bb background_image=\u00bbhttps:\/\/sleepy-maxwell.217-154-185-52.plesk.page\/wp-content\/uploads\/2025\/12\/hero.png\u00bb custom_padding=\u00bb30px||30px||false|false\u00bb global_colors_info=\u00bb{}\u00bb][et_pb_row _builder_version=\u00bb4.27.4&#8243; _module_preset=\u00bbdefault\u00bb width=\u00bb95%\u00bb global_colors_info=\u00bb{}\u00bb][et_pb_column type=\u00bb4_4&#8243; _builder_version=\u00bb4.27.4&#8243; _module_preset=\u00bbdefault\u00bb global_colors_info=\u00bb{}\u00bb][et_pb_text _builder_version=\u00bb4.27.4&#8243; _module_preset=\u00bbdefault\u00bb header_text_color=\u00bb#FFFFFF\u00bb header_font_size=\u00bb60px\u00bb header_2_font=\u00bb|600|||||||\u00bb header_2_text_align=\u00bbcenter\u00bb header_2_text_color=\u00bb#FFFFFF\u00bb header_2_font_size=\u00bb40px\u00bb custom_margin=\u00bb0px||0px||false|false\u00bb global_colors_info=\u00bb{}\u00bb]<\/p>\n<h1>Nuestros servicios<\/h1>\n<p>[\/et_pb_text][et_pb_text _builder_version=\u00bb4.27.4&#8243; _module_preset=\u00bbdefault\u00bb text_font=\u00bb|300|||||||\u00bb text_text_color=\u00bb#F5F5F5&#8243; text_line_height=\u00bb1.9em\u00bb custom_margin=\u00bb0px||0px||false|false\u00bb custom_padding=\u00bb0px||0px||false|false\u00bb global_colors_info=\u00bb{}\u00bb]<\/p>\n<p>Soluciones integrales para la gesti\u00f3n administrativa de tu negocio<\/p>\n<p>[\/et_pb_text][\/et_pb_column][\/et_pb_row][\/et_pb_section][et_pb_section fb_built=\u00bb1&#8243; _builder_version=\u00bb4.27.4&#8243; _module_preset=\u00bbdefault\u00bb global_colors_info=\u00bb{}\u00bb theme_builder_area=\u00bbpost_content\u00bb][et_pb_row column_structure=\u00bb1_3,1_3,1_3&#8243; use_custom_gutter=\u00bbon\u00bb gutter_width=\u00bb2&#8243; _builder_version=\u00bb4.27.4&#8243; _module_preset=\u00bbdefault\u00bb width=\u00bb95%\u00bb global_colors_info=\u00bb{}\u00bb theme_builder_area=\u00bbpost_content\u00bb][et_pb_column type=\u00bb1_3&#8243; _builder_version=\u00bb4.27.4&#8243; _module_preset=\u00bbdefault\u00bb global_colors_info=\u00bb{}\u00bb theme_builder_area=\u00bbpost_content\u00bb][et_pb_blurb title=\u00bbAsesor\u00eda Fiscal\u00bb image_icon_background_color=\u00bb#14324E\u00bb image=\u00bbhttps:\/\/sleepy-maxwell.217-154-185-52.plesk.page\/wp-content\/uploads\/2025\/12\/calculadora.png\u00bb icon_alignment=\u00bbleft\u00bb _builder_version=\u00bb4.27.4&#8243; _module_preset=\u00bbdefault\u00bb header_font=\u00bb|600|||||||\u00bb header_text_color=\u00bb#14324E\u00bb header_font_size=\u00bb25px\u00bb body_font=\u00bb|300|||||||\u00bb body_text_color=\u00bb#5F5F5F\u00bb image_icon_custom_padding=\u00bb15px|15px|15px|15px|true|true\u00bb min_height=\u00bb300px\u00bb height=\u00bb300px\u00bb max_height=\u00bb300px\u00bb custom_padding=\u00bb40px|30px|40px|30px|true|true\u00bb border_radii=\u00bbon|20px|20px|20px|20px\u00bb border_width_all=\u00bb1px\u00bb border_color_all=\u00bb#D9D9D9&#8243; border_radii_image=\u00bbon|5px|5px|5px|5px\u00bb box_shadow_style=\u00bbpreset2&#8243; box_shadow_horizontal=\u00bb0px\u00bb global_colors_info=\u00bb{}\u00bb theme_builder_area=\u00bbpost_content\u00bb]<\/p>\n<p>Declaraciones de impuestos, IVA, IRPF y<br \/>optimizaci\u00f3n fiscal personalizada.<\/p>\n<p>[\/et_pb_blurb][\/et_pb_column][et_pb_column type=\u00bb1_3&#8243; _builder_version=\u00bb4.27.4&#8243; _module_preset=\u00bbdefault\u00bb global_colors_info=\u00bb{}\u00bb theme_builder_area=\u00bbpost_content\u00bb][et_pb_blurb title=\u00bbContabilidad\u00bb image_icon_background_color=\u00bb#14324E\u00bb image=\u00bbhttps:\/\/sleepy-maxwell.217-154-185-52.plesk.page\/wp-content\/uploads\/2025\/12\/contabilidad.png\u00bb icon_alignment=\u00bbleft\u00bb _builder_version=\u00bb4.27.4&#8243; _module_preset=\u00bbdefault\u00bb header_font=\u00bb|600|||||||\u00bb header_text_color=\u00bb#14324E\u00bb header_font_size=\u00bb25px\u00bb body_font=\u00bb|300|||||||\u00bb body_text_color=\u00bb#5F5F5F\u00bb image_icon_custom_padding=\u00bb15px|15px|15px|15px|true|true\u00bb min_height=\u00bb300px\u00bb height=\u00bb300px\u00bb max_height=\u00bb300px\u00bb custom_padding=\u00bb40px|30px|40px|30px|true|true\u00bb border_radii=\u00bbon|20px|20px|20px|20px\u00bb border_width_all=\u00bb1px\u00bb border_color_all=\u00bb#D9D9D9&#8243; border_radii_image=\u00bbon|5px|5px|5px|5px\u00bb box_shadow_style=\u00bbpreset2&#8243; box_shadow_horizontal=\u00bb0px\u00bb global_colors_info=\u00bb{}\u00bb theme_builder_area=\u00bbpost_content\u00bb]<\/p>\n<p>Gesti\u00f3n contable completa, libros<br \/>oficiales y cuentas anuales<\/p>\n<p>[\/et_pb_blurb][\/et_pb_column][et_pb_column type=\u00bb1_3&#8243; _builder_version=\u00bb4.27.4&#8243; _module_preset=\u00bbdefault\u00bb global_colors_info=\u00bb{}\u00bb theme_builder_area=\u00bbpost_content\u00bb][et_pb_blurb title=\u00bbGesti\u00f3n laboral\u00bb image_icon_background_color=\u00bb#14324E\u00bb image=\u00bbhttps:\/\/sleepy-maxwell.217-154-185-52.plesk.page\/wp-content\/uploads\/2025\/12\/maleta.png\u00bb icon_alignment=\u00bbleft\u00bb _builder_version=\u00bb4.27.4&#8243; _module_preset=\u00bbdefault\u00bb header_font=\u00bb|600|||||||\u00bb header_text_color=\u00bb#14324E\u00bb header_font_size=\u00bb25px\u00bb body_font=\u00bb|300|||||||\u00bb body_text_color=\u00bb#5F5F5F\u00bb image_icon_custom_padding=\u00bb15px|15px|15px|15px|true|true\u00bb min_height=\u00bb300px\u00bb height=\u00bb300px\u00bb max_height=\u00bb300px\u00bb custom_padding=\u00bb40px|30px|40px|30px|true|true\u00bb border_radii=\u00bbon|20px|20px|20px|20px\u00bb border_width_all=\u00bb1px\u00bb border_color_all=\u00bb#D9D9D9&#8243; border_radii_image=\u00bbon|5px|5px|5px|5px\u00bb box_shadow_style=\u00bbpreset2&#8243; box_shadow_horizontal=\u00bb0px\u00bb global_colors_info=\u00bb{}\u00bb theme_builder_area=\u00bbpost_content\u00bb]<\/p>\n<p>N\u00f3minas, seguros sociales, contratos y<br \/>altas de trabajadores<\/p>\n<p>[\/et_pb_blurb][\/et_pb_column][\/et_pb_row][et_pb_row column_structure=\u00bb1_3,1_3,1_3&#8243; use_custom_gutter=\u00bbon\u00bb gutter_width=\u00bb2&#8243; _builder_version=\u00bb4.27.4&#8243; _module_preset=\u00bbdefault\u00bb width=\u00bb95%\u00bb global_colors_info=\u00bb{}\u00bb theme_builder_area=\u00bbpost_content\u00bb][et_pb_column type=\u00bb1_3&#8243; _builder_version=\u00bb4.27.4&#8243; _module_preset=\u00bbdefault\u00bb global_colors_info=\u00bb{}\u00bb theme_builder_area=\u00bbpost_content\u00bb][et_pb_blurb title=\u00bbCreaci\u00f3n de Empresas\u00bb image_icon_background_color=\u00bb#14324E\u00bb image=\u00bbhttps:\/\/sleepy-maxwell.217-154-185-52.plesk.page\/wp-content\/uploads\/2025\/12\/creaciondeempresa.png\u00bb icon_alignment=\u00bbleft\u00bb _builder_version=\u00bb4.27.4&#8243; _module_preset=\u00bbdefault\u00bb header_font=\u00bb|600|||||||\u00bb header_text_color=\u00bb#14324E\u00bb header_font_size=\u00bb25px\u00bb body_font=\u00bb|300|||||||\u00bb body_text_color=\u00bb#5F5F5F\u00bb image_icon_custom_padding=\u00bb15px|15px|15px|15px|true|true\u00bb min_height=\u00bb300px\u00bb height=\u00bb300px\u00bb max_height=\u00bb300px\u00bb custom_padding=\u00bb40px|30px|40px|30px|true|true\u00bb border_radii=\u00bbon|20px|20px|20px|20px\u00bb border_width_all=\u00bb1px\u00bb border_color_all=\u00bb#D9D9D9&#8243; border_radii_image=\u00bbon|5px|5px|5px|5px\u00bb box_shadow_style=\u00bbpreset2&#8243; box_shadow_horizontal=\u00bb0px\u00bb global_colors_info=\u00bb{}\u00bb theme_builder_area=\u00bbpost_content\u00bb]<\/p>\n<p>Constituci\u00f3n de sociedades, aut\u00f3nomos<br \/>y tr\u00e1mites legales.<\/p>\n<p>[\/et_pb_blurb][\/et_pb_column][et_pb_column type=\u00bb1_3&#8243; _builder_version=\u00bb4.27.4&#8243; _module_preset=\u00bbdefault\u00bb global_colors_info=\u00bb{}\u00bb theme_builder_area=\u00bbpost_content\u00bb][et_pb_blurb title=\u00bbAsesor\u00eda Mercantil\u00bb image_icon_background_color=\u00bb#14324E\u00bb image=\u00bbhttps:\/\/sleepy-maxwell.217-154-185-52.plesk.page\/wp-content\/uploads\/2025\/12\/asesoriamercantil.png\u00bb icon_alignment=\u00bbleft\u00bb _builder_version=\u00bb4.27.4&#8243; _module_preset=\u00bbdefault\u00bb header_font=\u00bb|600|||||||\u00bb header_text_color=\u00bb#14324E\u00bb header_font_size=\u00bb25px\u00bb body_font=\u00bb|300|||||||\u00bb body_text_color=\u00bb#5F5F5F\u00bb image_icon_custom_padding=\u00bb15px|15px|15px|15px|true|true\u00bb min_height=\u00bb300px\u00bb height=\u00bb300px\u00bb max_height=\u00bb300px\u00bb custom_padding=\u00bb40px|30px|40px|30px|true|true\u00bb border_radii=\u00bbon|20px|20px|20px|20px\u00bb border_width_all=\u00bb1px\u00bb border_color_all=\u00bb#D9D9D9&#8243; border_radii_image=\u00bbon|5px|5px|5px|5px\u00bb box_shadow_style=\u00bbpreset2&#8243; box_shadow_horizontal=\u00bb0px\u00bb global_colors_info=\u00bb{}\u00bb theme_builder_area=\u00bbpost_content\u00bb]<\/p>\n<p>Gesti\u00f3n de sociedades, ampliaciones de<br \/>capital y modificaciones<\/p>\n<p>[\/et_pb_blurb][\/et_pb_column][et_pb_column type=\u00bb1_3&#8243; _builder_version=\u00bb4.27.4&#8243; _module_preset=\u00bbdefault\u00bb global_colors_info=\u00bb{}\u00bb theme_builder_area=\u00bbpost_content\u00bb][et_pb_blurb title=\u00bbAsesor\u00eda jur\u00eddica\u00bb image_icon_background_color=\u00bb#14324E\u00bb image=\u00bbhttps:\/\/sleepy-maxwell.217-154-185-52.plesk.page\/wp-content\/uploads\/2025\/12\/maleta.png\u00bb icon_alignment=\u00bbleft\u00bb _builder_version=\u00bb4.27.4&#8243; _module_preset=\u00bbdefault\u00bb header_font=\u00bb|600|||||||\u00bb header_text_color=\u00bb#14324E\u00bb header_font_size=\u00bb25px\u00bb body_font=\u00bb|300|||||||\u00bb body_text_color=\u00bb#5F5F5F\u00bb image_icon_custom_padding=\u00bb15px|15px|15px|15px|true|true\u00bb min_height=\u00bb300px\u00bb height=\u00bb300px\u00bb max_height=\u00bb300px\u00bb custom_padding=\u00bb40px|30px|40px|30px|true|true\u00bb border_radii=\u00bbon|20px|20px|20px|20px\u00bb border_width_all=\u00bb1px\u00bb border_color_all=\u00bb#D9D9D9&#8243; border_radii_image=\u00bbon|5px|5px|5px|5px\u00bb box_shadow_style=\u00bbpreset2&#8243; box_shadow_horizontal=\u00bb0px\u00bb global_colors_info=\u00bb{}\u00bb theme_builder_area=\u00bbpost_content\u00bb]<\/p>\n<p>Consultor\u00eda legal para empresas y<br \/>particulares.<\/p>\n<p>[\/et_pb_blurb][\/et_pb_column][\/et_pb_row][\/et_pb_section]<\/p>\n","protected":false},"excerpt":{"rendered":"<p>Nuestros serviciosSoluciones integrales para la gesti\u00f3n administrativa de tu negocioDeclaraciones de impuestos, IVA, IRPF yoptimizaci\u00f3n fiscal personalizada.Gesti\u00f3n contable completa, librosoficiales y cuentas anualesN\u00f3minas, seguros sociales, contratos yaltas de trabajadoresConstituci\u00f3n de sociedades, aut\u00f3nomosy tr\u00e1mites legales.Gesti\u00f3n de sociedades, ampliaciones decapital y modificacionesConsultor\u00eda legal para empresas yparticulares.<\/p>\n","protected":false},"author":1,"featured_media":0,"parent":0,"menu_order":0,"comment_status":"closed","ping_status":"closed","template":"","meta":{"_et_pb_use_builder":"on","_et_pb_old_content":"","_et_gb_content_width":"","inline_featured_image":false,"footnotes":""},"class_list":["post-20","page","type-page","status-publish","hentry"],"_links":{"self":[{"href":"https:\/\/sleepy-maxwell.217-154-185-52.plesk.page\/index.php\/wp-json\/wp\/v2\/pages\/20","targetHints":{"allow":["GET"]}}],"collection":[{"href":"https:\/\/sleepy-maxwell.217-154-185-52.plesk.page\/index.php\/wp-json\/wp\/v2\/pages"}],"about":[{"href":"https:\/\/sleepy-maxwell.217-154-185-52.plesk.page\/index.php\/wp-json\/wp\/v2\/types\/page"}],"author":[{"embeddable":true,"href":"https:\/\/sleepy-maxwell.217-154-185-52.plesk.page\/index.php\/wp-json\/wp\/v2\/users\/1"}],"replies":[{"embeddable":true,"href":"https:\/\/sleepy-maxwell.217-154-185-52.plesk.page\/index.php\/wp-json\/wp\/v2\/comments?post=20"}],"version-history":[{"count":4,"href":"https:\/\/sleepy-maxwell.217-154-185-52.plesk.page\/index.php\/wp-json\/wp\/v2\/pages\/20\/revisions"}],"predecessor-version":[{"id":110,"href":"https:\/\/sleepy-maxwell.217-154-185-52.plesk.page\/index.php\/wp-json\/wp\/v2\/pages\/20\/revisions\/110"}],"wp:attachment":[{"href":"https:\/\/sleepy-maxwell.217-154-185-52.plesk.page\/index.php\/wp-json\/wp\/v2\/media?parent=20"}],"curies":[{"name":"wp","href":"https:\/\/api.w.org\/{rel}","templated":true}]}}